{"id":1645,"date":"2019-05-17T02:20:24","date_gmt":"2019-05-17T02:20:24","guid":{"rendered":"https:\/\/erenovation.thememove.com\/?page_id=1645"},"modified":"2021-05-11T11:05:44","modified_gmt":"2021-05-11T09:05:44","slug":"sol-plafond","status":"publish","type":"page","link":"https:\/\/smartbuilder.fr\/index.php\/services\/sol-plafond\/","title":{"rendered":"Sol &#038; Plafond"},"content":{"rendered":"\t\t<div data-elementor-type=\"wp-post\" data-elementor-id=\"1645\" class=\"elementor elementor-1645\">\n\t\t\t\t\t\t<div class=\"elementor-inner\">\n\t\t\t\t<div class=\"elementor-section-wrap\">\n\t\t\t\t\t\t\t\t\t<section class=\"elementor-section elementor-top-section elementor-element elementor-element-ec49894 elementor-section-boxed elementor-section-height-default elementor-section-height-default\" data-id=\"ec49894\" data-element_type=\"section\">\n\t\t\t\t\t\t<div class=\"elementor-container elementor-column-gap-default\">\n\t\t\t\t\t\t\t<div class=\"elementor-row\">\n\t\t\t\t\t<div class=\"elementor-column elementor-col-100 elementor-top-column elementor-element elementor-element-6e084c8\" data-id=\"6e084c8\" data-element_type=\"column\">\n\t\t\t<div class=\"elementor-column-wrap elementor-element-populated\">\n\t\t\t\t\t\t\t<div class=\"elementor-widget-wrap\">\n\t\t\t\t\t\t<div class=\"elementor-element elementor-element-87af580 elementor-view-framed elementor-shape-circle elementor-widget elementor-widget-icon\" data-id=\"87af580\" data-element_type=\"widget\" data-widget_type=\"icon.default\">\n\t\t\t\t<div class=\"elementor-widget-container\">\n\t\t\t\t\t<div class=\"elementor-icon-wrapper\">\n\t\t\t<div class=\"elementor-icon\">\n\t\t\t<i aria-hidden=\"true\" class=\"fas fa-house-user\"><\/i>\t\t\t<\/div>\n\t\t<\/div>\n\t\t\t\t<\/div>\n\t\t\t\t<\/div>\n\t\t\t\t<div class=\"elementor-element elementor-element-d1408ed elementor-widget elementor-widget-spacer\" data-id=\"d1408ed\" data-element_type=\"widget\" data-widget_type=\"spacer.default\">\n\t\t\t\t<div class=\"elementor-widget-container\">\n\t\t\t\t\t<div class=\"elementor-spacer\">\n\t\t\t<div class=\"elementor-spacer-inner\"><\/div>\n\t\t<\/div>\n\t\t\t\t<\/div>\n\t\t\t\t<\/div>\n\t\t\t\t\t\t<\/div>\n\t\t\t\t\t<\/div>\n\t\t<\/div>\n\t\t\t\t\t\t\t\t<\/div>\n\t\t\t\t\t<\/div>\n\t\t<\/section>\n\t\t\t\t<section class=\"elementor-section elementor-top-section elementor-element elementor-element-8ae65fd elementor-section-full_width elementor-section-height-default elementor-section-height-default\" data-id=\"8ae65fd\" data-element_type=\"section\">\n\t\t\t\t\t\t<div class=\"elementor-container elementor-column-gap-no\">\n\t\t\t\t\t\t\t<div class=\"elementor-row\">\n\t\t\t\t\t<div class=\"elementor-column elementor-col-50 elementor-top-column elementor-element elementor-element-84ecddc\" data-id=\"84ecddc\" data-element_type=\"column\">\n\t\t\t<div class=\"elementor-column-wrap elementor-element-populated\">\n\t\t\t\t\t\t\t<div class=\"elementor-widget-wrap\">\n\t\t\t\t\t\t<div class=\"elementor-element elementor-element-f5bf69f elementor-widget elementor-widget-image\" data-id=\"f5bf69f\" data-element_type=\"widget\" data-widget_type=\"image.default\">\n\t\t\t\t<div class=\"elementor-widget-container\">\n\t\t\t\t\t\t\t\t<div class=\"elementor-image\">\n\t\t\t\t\t\t\t\t\t\t\t\t<img loading=\"lazy\" decoding=\"async\" width=\"300\" height=\"200\" src=\"https:\/\/smartbuilder.fr\/wp-content\/uploads\/2021\/05\/sol-btp-300x200.jpg\" class=\"attachment-medium size-medium\" alt=\"\" srcset=\"https:\/\/smartbuilder.fr\/wp-content\/uploads\/2021\/05\/sol-btp-300x200.jpg 300w, https:\/\/smartbuilder.fr\/wp-content\/uploads\/2021\/05\/sol-btp-60x40.jpg 60w, https:\/\/smartbuilder.fr\/wp-content\/uploads\/2021\/05\/sol-btp.jpg 509w\" sizes=\"(max-width: 300px) 100vw, 300px\" \/>\t\t\t\t\t\t\t\t\t\t\t\t\t\t<\/div>\n\t\t\t\t\t\t<\/div>\n\t\t\t\t<\/div>\n\t\t\t\t<div class=\"elementor-element elementor-element-fbb3801 elementor-widget elementor-widget-spacer\" data-id=\"fbb3801\" data-element_type=\"widget\" data-widget_type=\"spacer.default\">\n\t\t\t\t<div class=\"elementor-widget-container\">\n\t\t\t\t\t<div class=\"elementor-spacer\">\n\t\t\t<div class=\"elementor-spacer-inner\"><\/div>\n\t\t<\/div>\n\t\t\t\t<\/div>\n\t\t\t\t<\/div>\n\t\t\t\t<div class=\"elementor-element elementor-element-0fb2717 elementor-widget elementor-widget-text-editor\" data-id=\"0fb2717\" data-element_type=\"widget\" data-widget_type=\"text-editor.default\">\n\t\t\t\t<div class=\"elementor-widget-container\">\n\t\t\t\t\t\t\t\t<div class=\"elementor-text-editor elementor-clearfix\">\n\t\t\t\t<ul class=\"wrench-list\"><li>De nombreux mat\u00e9riaux<\/li><li>Maison et appartement<\/li><li>Mise en d\u00e9charge\u00a0<\/li><\/ul>\t\t\t\t\t<\/div>\n\t\t\t\t\t\t<\/div>\n\t\t\t\t<\/div>\n\t\t\t\t<div class=\"elementor-element elementor-element-cf6cf53 elementor-widget elementor-widget-text-editor\" data-id=\"cf6cf53\" data-element_type=\"widget\" data-widget_type=\"text-editor.default\">\n\t\t\t\t<div class=\"elementor-widget-container\">\n\t\t\t\t\t\t\t\t<div class=\"elementor-text-editor elementor-clearfix\">\n\t\t\t\t<ul class=\"wrench-list\"><li>Pose de qualit\u00e9<\/li><li>Ext\u00e9rieur\/int\u00e9rieur<\/li><li>N\u00e9toyage apr\u00e9s chantier<\/li><\/ul>\t\t\t\t\t<\/div>\n\t\t\t\t\t\t<\/div>\n\t\t\t\t<\/div>\n\t\t\t\t\t\t<\/div>\n\t\t\t\t\t<\/div>\n\t\t<\/div>\n\t\t\t\t<div class=\"elementor-column elementor-col-50 elementor-top-column elementor-element elementor-element-194e5cd\" data-id=\"194e5cd\" data-element_type=\"column\">\n\t\t\t<div class=\"elementor-column-wrap elementor-element-populated\">\n\t\t\t\t\t\t\t<div class=\"elementor-widget-wrap\">\n\t\t\t\t\t\t<div class=\"elementor-element elementor-element-9f2e801 elementor-widget elementor-widget-text-editor\" data-id=\"9f2e801\" data-element_type=\"widget\" data-widget_type=\"text-editor.default\">\n\t\t\t\t<div class=\"elementor-widget-container\">\n\t\t\t\t\t\t\t\t<div class=\"elementor-text-editor elementor-clearfix\">\n\t\t\t\t<p><span class=\"fontstyle0\">Dans la construction, ce domaine est large et englobe de nombreux proc\u00e9d\u00e9s et techniques. Il consiste en la mise en place d\u2019une d\u2019une m\u00e9thode de recouvrement du toit d\u2019un b\u00e2timent,\u00a0<\/span><span class=\"fontstyle0\">Smartbuilder prends soin de votre toit, en effet, apr\u00e8s plusieurs ann\u00e9es, il se peut que<br \/>votre toiture soit sali ou recouverte de mousse, cela peut entra\u00eener une d\u00e9gradation pr\u00e9matur\u00e9 de votre toit, nous vous proposons le nettoyage complet de votre toiture gr\u00e2ce \u00e0 des mat\u00e9riaux et des proc\u00e9d\u00e9s innovateurs. Smartbuilder prends soin de votre toit, en effet, apr\u00e8s plusieurs ann\u00e9es, il se peut que votre toiture soit sali ou recouverte de mousse, cela peut entra\u00eener une d\u00e9gradation pr\u00e9matur\u00e9 de votre toit, nous vous proposons le nettoyage complet de votre toiture gr\u00e2ce \u00e0 des mat\u00e9riaux et des proc\u00e9d\u00e9s innovateurs<br \/>Smartbuilder vous propose la cr\u00e9ation de votre toiture, en effet, les mat\u00e9riaux et les couleurs sont diverses.<br \/>Notre \u00e9quipe peut effectuer l\u2019ensemble de ces travaux qu\u2019ils soient en pente o\u00f9 en terrasse.<\/span><\/p><p>\u00a0<\/p>\t\t\t\t\t<\/div>\n\t\t\t\t\t\t<\/div>\n\t\t\t\t<\/div>\n\t\t\t\t<section class=\"elementor-section elementor-inner-section elementor-element elementor-element-d9ec5e4 elementor-section-boxed elementor-section-height-default elementor-section-height-default\" data-id=\"d9ec5e4\" data-element_type=\"section\">\n\t\t\t\t\t\t<div class=\"elementor-container elementor-column-gap-default\">\n\t\t\t\t\t\t\t<div class=\"elementor-row\">\n\t\t\t\t\t<div class=\"elementor-column elementor-col-100 elementor-inner-column elementor-element elementor-element-3d0a8d0\" data-id=\"3d0a8d0\" data-element_type=\"column\">\n\t\t\t<div class=\"elementor-column-wrap\">\n\t\t\t\t\t\t\t<div class=\"elementor-widget-wrap\">\n\t\t\t\t\t\t\t\t<\/div>\n\t\t\t\t\t<\/div>\n\t\t<\/div>\n\t\t\t\t\t\t\t\t<\/div>\n\t\t\t\t\t<\/div>\n\t\t<\/section>\n\t\t\t\t\t\t<\/div>\n\t\t\t\t\t<\/div>\n\t\t<\/div>\n\t\t\t\t\t\t\t\t<\/div>\n\t\t\t\t\t<\/div>\n\t\t<\/section>\n\t\t\t\t<section class=\"elementor-section elementor-top-section elementor-element elementor-element-3c894eca elementor-section-boxed elementor-section-height-default elementor-section-height-default\" data-id=\"3c894eca\" data-element_type=\"section\">\n\t\t\t\t\t\t<div class=\"elementor-container elementor-column-gap-default\">\n\t\t\t\t\t\t\t<div class=\"elementor-row\">\n\t\t\t\t\t<div class=\"elementor-column elementor-col-100 elementor-top-column elementor-element elementor-element-c79655e\" data-id=\"c79655e\" data-element_type=\"column\">\n\t\t\t<div class=\"elementor-column-wrap elementor-element-populated\">\n\t\t\t\t\t\t\t<div class=\"elementor-widget-wrap\">\n\t\t\t\t\t\t<section class=\"elementor-section elementor-inner-section elementor-element elementor-element-c10f09e elementor-section-boxed elementor-section-height-default elementor-section-height-default\" data-id=\"c10f09e\" data-element_type=\"section\">\n\t\t\t\t\t\t<div class=\"elementor-container elementor-column-gap-default\">\n\t\t\t\t\t\t\t<div class=\"elementor-row\">\n\t\t\t\t\t<div class=\"elementor-column elementor-col-50 elementor-inner-column elementor-element elementor-element-1e827e4a\" data-id=\"1e827e4a\" data-element_type=\"column\">\n\t\t\t<div class=\"elementor-column-wrap elementor-element-populated\">\n\t\t\t\t\t\t\t<div class=\"elementor-widget-wrap\">\n\t\t\t\t\t\t<div class=\"elementor-element elementor-element-6454d66f elementor-widget elementor-widget-text-editor\" data-id=\"6454d66f\" data-element_type=\"widget\" data-widget_type=\"text-editor.default\">\n\t\t\t\t<div class=\"elementor-widget-container\">\n\t\t\t\t\t\t\t\t<div class=\"elementor-text-editor elementor-clearfix\">\n\t\t\t\t<table style=\"height: 149px;\" width=\"182\"><thead><tr><th>Service<\/th><th>Prix<\/th><\/tr><\/thead><tbody><tr><td>Carrelage\u00a0<\/td><td><strong>25\u20ac\/m\u00b2*<\/strong><\/td><\/tr><tr><td>Pon\u00e7age et vitrification de parquet<\/td><td><strong>25\u20ac\/m\u00b2*<\/strong><\/td><\/tr><tr><td>Parquet flotant<\/td><td><strong>18\u20ac\/m\u00b2*<\/strong><\/td><\/tr><tr><td>Plafond suspendu<\/td><td><strong>60-110\u20ac\/m\u00b2*<\/strong><\/td><\/tr><tr><td>\u00a0<\/td><td>\u00a0<\/td><\/tr><\/tbody><\/table>\t\t\t\t\t<\/div>\n\t\t\t\t\t\t<\/div>\n\t\t\t\t<\/div>\n\t\t\t\t\t\t<\/div>\n\t\t\t\t\t<\/div>\n\t\t<\/div>\n\t\t\t\t<div class=\"elementor-column elementor-col-50 elementor-inner-column elementor-element elementor-element-1db56dc\" data-id=\"1db56dc\" data-element_type=\"column\">\n\t\t\t<div class=\"elementor-column-wrap elementor-element-populated\">\n\t\t\t\t\t\t\t<div class=\"elementor-widget-wrap\">\n\t\t\t\t\t\t<div class=\"elementor-element elementor-element-2616e7c renovation-faq  elementor-widget elementor-widget-accordion\" data-id=\"2616e7c\" data-element_type=\"widget\" data-widget_type=\"accordion.default\">\n\t\t\t\t<div class=\"elementor-widget-container\">\n\t\t\t\t\t<div class=\"elementor-accordion\" role=\"tablist\">\n\t\t\t\t\t\t\t<div class=\"elementor-accordion-item\">\n\t\t\t\t\t<div id=\"elementor-tab-title-3991\" class=\"elementor-tab-title\" data-tab=\"1\" role=\"tab\" aria-controls=\"elementor-tab-content-3991\" aria-expanded=\"false\">\n\t\t\t\t\t\t\t\t\t\t\t\t\t<span class=\"elementor-accordion-icon elementor-accordion-icon-left\" aria-hidden=\"true\">\n\t\t\t\t\t\t\t\t\t\t\t\t\t\t\t<span class=\"elementor-accordion-icon-closed\"><i class=\"fas fa-wrench\"><\/i><\/span>\n\t\t\t\t\t\t\t\t<span class=\"elementor-accordion-icon-opened\"><i class=\"fas fa-wrench\"><\/i><\/span>\n\t\t\t\t\t\t\t\t\t\t\t\t\t\t<\/span>\n\t\t\t\t\t\t\t\t\t\t\t\t<a class=\"elementor-accordion-title\" href=\"\">Sol<\/a>\n\t\t\t\t\t<\/div>\n\t\t\t\t\t<div id=\"elementor-tab-content-3991\" class=\"elementor-tab-content elementor-clearfix\" data-tab=\"1\" role=\"tabpanel\" aria-labelledby=\"elementor-tab-title-3991\"><p><span class=\"fontstyle0\">Le rev\u00eatement de sol est l\u2019activit\u00e9 qui permet la pose de mat\u00e9riaux destin\u00e9s \u00e0 recouvrir<br \/>un sol ou une partie de celui-ci. D\u2019un point de vue esth\u00e9tique et pratique, cette activit\u00e9 est primordiale dans la<br \/>construction<\/span><\/p><\/div>\n\t\t\t\t<\/div>\n\t\t\t\t\t\t\t<div class=\"elementor-accordion-item\">\n\t\t\t\t\t<div id=\"elementor-tab-title-3992\" class=\"elementor-tab-title\" data-tab=\"2\" role=\"tab\" aria-controls=\"elementor-tab-content-3992\" aria-expanded=\"false\">\n\t\t\t\t\t\t\t\t\t\t\t\t\t<span class=\"elementor-accordion-icon elementor-accordion-icon-left\" aria-hidden=\"true\">\n\t\t\t\t\t\t\t\t\t\t\t\t\t\t\t<span class=\"elementor-accordion-icon-closed\"><i class=\"fas fa-wrench\"><\/i><\/span>\n\t\t\t\t\t\t\t\t<span class=\"elementor-accordion-icon-opened\"><i class=\"fas fa-wrench\"><\/i><\/span>\n\t\t\t\t\t\t\t\t\t\t\t\t\t\t<\/span>\n\t\t\t\t\t\t\t\t\t\t\t\t<a class=\"elementor-accordion-title\" href=\"\">Carrelage <\/a>\n\t\t\t\t\t<\/div>\n\t\t\t\t\t<div id=\"elementor-tab-content-3992\" class=\"elementor-tab-content elementor-clearfix\" data-tab=\"2\" role=\"tabpanel\" aria-labelledby=\"elementor-tab-title-3992\"><p>\u00a0<span class=\"fontstyle0\">Le carrelage est une mati\u00e8re de rev\u00eatement du sol, or, le carrelage est applicable sur<br \/>toutes les surfaces d\u2019un int\u00e9rieur ou ext\u00e9rieur.<br \/>Notre \u00e9quipe vous propose ces services dans ces domaines.<br \/>N\u2019h\u00e9sitez pas \u00e0 nous contacter pour plus d\u2019informations.<\/span> <\/p><\/div>\n\t\t\t\t<\/div>\n\t\t\t\t\t\t\t<div class=\"elementor-accordion-item\">\n\t\t\t\t\t<div id=\"elementor-tab-title-3993\" class=\"elementor-tab-title\" data-tab=\"3\" role=\"tab\" aria-controls=\"elementor-tab-content-3993\" aria-expanded=\"false\">\n\t\t\t\t\t\t\t\t\t\t\t\t\t<span class=\"elementor-accordion-icon elementor-accordion-icon-left\" aria-hidden=\"true\">\n\t\t\t\t\t\t\t\t\t\t\t\t\t\t\t<span class=\"elementor-accordion-icon-closed\"><i class=\"fas fa-wrench\"><\/i><\/span>\n\t\t\t\t\t\t\t\t<span class=\"elementor-accordion-icon-opened\"><i class=\"fas fa-wrench\"><\/i><\/span>\n\t\t\t\t\t\t\t\t\t\t\t\t\t\t<\/span>\n\t\t\t\t\t\t\t\t\t\t\t\t<a class=\"elementor-accordion-title\" href=\"\">Nos mat\u00e9riaux <\/a>\n\t\t\t\t\t<\/div>\n\t\t\t\t\t<div id=\"elementor-tab-content-3993\" class=\"elementor-tab-content elementor-clearfix\" data-tab=\"3\" role=\"tabpanel\" aria-labelledby=\"elementor-tab-title-3993\"><p>\u00a0<span class=\"fontstyle0\">Smartbuilder vous proposent diff\u00e9rentes solutions adapt\u00e9es selon vos besoins et vos<br \/>envies, voici les mat\u00e9riaux possibles :<br \/>parquet rouleaux PVC<br \/>Lames et dalles PVC<br \/>Les couleurs et les techniques que nous pouvons mettre en place sont diverse<\/span> <\/p><\/div>\n\t\t\t\t<\/div>\n\t\t\t\t\t\t\t\t<\/div>\n\t\t\t\t<\/div>\n\t\t\t\t<\/div>\n\t\t\t\t\t\t<\/div>\n\t\t\t\t\t<\/div>\n\t\t<\/div>\n\t\t\t\t\t\t\t\t<\/div>\n\t\t\t\t\t<\/div>\n\t\t<\/section>\n\t\t\t\t\t\t<\/div>\n\t\t\t\t\t<\/div>\n\t\t<\/div>\n\t\t\t\t\t\t\t\t<\/div>\n\t\t\t\t\t<\/div>\n\t\t<\/section>\n\t\t\t\t<section class=\"elementor-section elementor-top-section elementor-element elementor-element-758e33a elementor-section-boxed elementor-section-height-default elementor-section-height-default\" data-id=\"758e33a\" data-element_type=\"section\">\n\t\t\t\t\t\t<div class=\"elementor-container elementor-column-gap-default\">\n\t\t\t\t\t\t\t<div class=\"elementor-row\">\n\t\t\t\t\t<div class=\"elementor-column elementor-col-100 elementor-top-column elementor-element elementor-element-9d42e5f\" data-id=\"9d42e5f\" data-element_type=\"column\">\n\t\t\t<div class=\"elementor-column-wrap elementor-element-populated\">\n\t\t\t\t\t\t\t<div class=\"elementor-widget-wrap\">\n\t\t\t\t\t\t<div class=\"elementor-element elementor-element-e67a6e1 elementor-widget elementor-widget-heading\" data-id=\"e67a6e1\" data-element_type=\"widget\" data-widget_type=\"heading.default\">\n\t\t\t\t<div class=\"elementor-widget-container\">\n\t\t\t<h2 class=\"elementor-heading-title elementor-size-small\">*Prix moyen d'une prestation observ\u00e9e sur les interventions pr\u00e9c\u00e9dentes. Prix pr\u00e9sent\u00e9s \u00e0 titre indicatif. Des majorations peuvent s'appliquer. Les prix s'entendent en Euros TTC\u00a0<\/h2>\t\t<\/div>\n\t\t\t\t<\/div>\n\t\t\t\t\t\t<\/div>\n\t\t\t\t\t<\/div>\n\t\t<\/div>\n\t\t\t\t\t\t\t\t<\/div>\n\t\t\t\t\t<\/div>\n\t\t<\/section>\n\t\t\t\t<section class=\"elementor-section elementor-top-section elementor-element elementor-element-eb92997 elementor-section-boxed elementor-section-height-default elementor-section-height-default\" data-id=\"eb92997\" data-element_type=\"section\">\n\t\t\t\t\t\t<div class=\"elementor-container elementor-column-gap-default\">\n\t\t\t\t\t\t\t<div class=\"elementor-row\">\n\t\t\t\t\t<div class=\"elementor-column elementor-col-100 elementor-top-column elementor-element elementor-element-f3ce417\" data-id=\"f3ce417\" data-element_type=\"column\">\n\t\t\t<div class=\"elementor-column-wrap elementor-element-populated\">\n\t\t\t\t\t\t\t<div class=\"elementor-widget-wrap\">\n\t\t\t\t\t\t<div class=\"elementor-element elementor-element-e80e7fe elementor-widget elementor-widget-spacer\" data-id=\"e80e7fe\" data-element_type=\"widget\" data-widget_type=\"spacer.default\">\n\t\t\t\t<div class=\"elementor-widget-container\">\n\t\t\t\t\t<div class=\"elementor-spacer\">\n\t\t\t<div class=\"elementor-spacer-inner\"><\/div>\n\t\t<\/div>\n\t\t\t\t<\/div>\n\t\t\t\t<\/div>\n\t\t\t\t\t\t<\/div>\n\t\t\t\t\t<\/div>\n\t\t<\/div>\n\t\t\t\t\t\t\t\t<\/div>\n\t\t\t\t\t<\/div>\n\t\t<\/section>\n\t\t\t\t\t\t\t\t\t<\/div>\n\t\t\t<\/div>\n\t\t\t\t\t<\/div>\n\t\t","protected":false},"excerpt":{"rendered":"<p>De nombreux mat\u00e9riaux Maison et appartement Mise en d\u00e9charge\u00a0 Pose de qualit\u00e9 Ext\u00e9rieur\/int\u00e9rieur N\u00e9toyage apr\u00e9s chantier Dans la construction, ce domaine est large et englobe de nombreux proc\u00e9d\u00e9s et techniques. Il consiste en la mise en place d\u2019une d\u2019une m\u00e9thode de recouvrement du toit d\u2019un b\u00e2timent,\u00a0Smartbuilder prends soin de votre toit, en effet, apr\u00e8s plusieurs [&hellip;]<\/p>\n","protected":false},"author":1,"featured_media":0,"parent":1584,"menu_order":0,"comment_status":"closed","ping_status":"closed","template":"","meta":{"om_disable_all_campaigns":false,"_monsterinsights_skip_tracking":false,"_monsterinsights_sitenote_active":false,"_monsterinsights_sitenote_note":"","_monsterinsights_sitenote_category":0,"footnotes":""},"class_list":["post-1645","page","type-page","status-publish","hentry"],"_links":{"self":[{"href":"https:\/\/smartbuilder.fr\/index.php\/wp-json\/wp\/v2\/pages\/1645"}],"collection":[{"href":"https:\/\/smartbuilder.fr\/index.php\/wp-json\/wp\/v2\/pages"}],"about":[{"href":"https:\/\/smartbuilder.fr\/index.php\/wp-json\/wp\/v2\/types\/page"}],"author":[{"embeddable":true,"href":"https:\/\/smartbuilder.fr\/index.php\/wp-json\/wp\/v2\/users\/1"}],"replies":[{"embeddable":true,"href":"https:\/\/smartbuilder.fr\/index.php\/wp-json\/wp\/v2\/comments?post=1645"}],"version-history":[{"count":32,"href":"https:\/\/smartbuilder.fr\/index.php\/wp-json\/wp\/v2\/pages\/1645\/revisions"}],"predecessor-version":[{"id":3997,"href":"https:\/\/smartbuilder.fr\/index.php\/wp-json\/wp\/v2\/pages\/1645\/revisions\/3997"}],"up":[{"embeddable":true,"href":"https:\/\/smartbuilder.fr\/index.php\/wp-json\/wp\/v2\/pages\/1584"}],"wp:attachment":[{"href":"https:\/\/smartbuilder.fr\/index.php\/wp-json\/wp\/v2\/media?parent=1645"}],"curies":[{"name":"wp","href":"https:\/\/api.w.org\/{rel}","templated":true}]}}