{"id":365,"date":"2019-05-15T08:11:41","date_gmt":"2019-05-15T08:11:41","guid":{"rendered":"https:\/\/erenovation.thememove.com\/?page_id=365"},"modified":"2021-05-03T15:59:04","modified_gmt":"2021-05-03T13:59:04","slug":"our-team","status":"publish","type":"page","link":"https:\/\/smartbuilder.fr\/index.php\/about-us\/our-team\/","title":{"rendered":"Notre \u00e9quipe"},"content":{"rendered":"\t\t<div data-elementor-type=\"wp-post\" data-elementor-id=\"365\" class=\"elementor elementor-365\">\n\t\t\t\t\t\t<div class=\"elementor-inner\">\n\t\t\t\t<div class=\"elementor-section-wrap\">\n\t\t\t\t\t\t\t\t\t<section class=\"elementor-section elementor-top-section elementor-element elementor-element-0dd02a8 introducing-our-team elementor-section-boxed elementor-section-height-default elementor-section-height-default\" data-id=\"0dd02a8\" data-element_type=\"section\">\n\t\t\t\t\t\t<div class=\"elementor-container elementor-column-gap-default\">\n\t\t\t\t\t\t\t<div class=\"elementor-row\">\n\t\t\t\t\t<div class=\"elementor-column elementor-col-100 elementor-top-column elementor-element elementor-element-765ee75\" data-id=\"765ee75\" data-element_type=\"column\">\n\t\t\t<div class=\"elementor-column-wrap elementor-element-populated\">\n\t\t\t\t\t\t\t<div class=\"elementor-widget-wrap\">\n\t\t\t\t\t\t<div class=\"elementor-element elementor-element-e160e5d introducing-our-team elementor-widget elementor-widget-heading\" data-id=\"e160e5d\" data-element_type=\"widget\" data-widget_type=\"heading.default\">\n\t\t\t\t<div class=\"elementor-widget-container\">\n\t\t\t<h2 class=\"elementor-heading-title elementor-size-default\">Rencontrez l'\u00e9quipe SmartBuilder ! <\/h2>\t\t<\/div>\n\t\t\t\t<\/div>\n\t\t\t\t\t\t<\/div>\n\t\t\t\t\t<\/div>\n\t\t<\/div>\n\t\t\t\t\t\t\t\t<\/div>\n\t\t\t\t\t<\/div>\n\t\t<\/section>\n\t\t\t\t<section class=\"elementor-section elementor-top-section elementor-element elementor-element-62c23cb elementor-section-boxed elementor-section-height-default elementor-section-height-default\" data-id=\"62c23cb\" data-element_type=\"section\">\n\t\t\t\t\t\t<div class=\"elementor-container elementor-column-gap-default\">\n\t\t\t\t\t\t\t<div class=\"elementor-row\">\n\t\t\t\t\t<div class=\"elementor-column elementor-col-100 elementor-top-column elementor-element elementor-element-72bc016\" data-id=\"72bc016\" data-element_type=\"column\">\n\t\t\t<div class=\"elementor-column-wrap elementor-element-populated\">\n\t\t\t\t\t\t\t<div class=\"elementor-widget-wrap\">\n\t\t\t\t\t\t<div class=\"elementor-element elementor-element-5886ec9 elementor-widget elementor-widget-image\" data-id=\"5886ec9\" data-element_type=\"widget\" data-widget_type=\"image.default\">\n\t\t\t\t<div class=\"elementor-widget-container\">\n\t\t\t\t\t\t\t\t<div class=\"elementor-image\">\n\t\t\t\t\t\t\t\t\t\t\t\t<img loading=\"lazy\" decoding=\"async\" width=\"1170\" height=\"435\" src=\"https:\/\/smartbuilder.fr\/wp-content\/uploads\/2019\/05\/our_team_page.jpg\" class=\"attachment-full size-full\" alt=\"\" srcset=\"https:\/\/smartbuilder.fr\/wp-content\/uploads\/2019\/05\/our_team_page.jpg 1170w, https:\/\/smartbuilder.fr\/wp-content\/uploads\/2019\/05\/our_team_page-600x223.jpg 600w, https:\/\/smartbuilder.fr\/wp-content\/uploads\/2019\/05\/our_team_page-300x112.jpg 300w, https:\/\/smartbuilder.fr\/wp-content\/uploads\/2019\/05\/our_team_page-1024x381.jpg 1024w, https:\/\/smartbuilder.fr\/wp-content\/uploads\/2019\/05\/our_team_page-768x286.jpg 768w\" sizes=\"(max-width: 1170px) 100vw, 1170px\" \/>\t\t\t\t\t\t\t\t\t\t\t\t\t\t<\/div>\n\t\t\t\t\t\t<\/div>\n\t\t\t\t<\/div>\n\t\t\t\t\t\t<\/div>\n\t\t\t\t\t<\/div>\n\t\t<\/div>\n\t\t\t\t\t\t\t\t<\/div>\n\t\t\t\t\t<\/div>\n\t\t<\/section>\n\t\t\t\t<section class=\"elementor-section elementor-top-section elementor-element elementor-element-74962c4 elementor-section-boxed elementor-section-height-default elementor-section-height-default\" data-id=\"74962c4\" data-element_type=\"section\">\n\t\t\t\t\t\t<div class=\"elementor-container elementor-column-gap-default\">\n\t\t\t\t\t\t\t<div class=\"elementor-row\">\n\t\t\t\t\t<div class=\"elementor-column elementor-col-100 elementor-top-column elementor-element elementor-element-17ce072\" data-id=\"17ce072\" data-element_type=\"column\">\n\t\t\t<div class=\"elementor-column-wrap elementor-element-populated\">\n\t\t\t\t\t\t\t<div class=\"elementor-widget-wrap\">\n\t\t\t\t\t\t<div class=\"elementor-element elementor-element-fd86d53 elementor-widget elementor-widget-spacer\" data-id=\"fd86d53\" data-element_type=\"widget\" data-widget_type=\"spacer.default\">\n\t\t\t\t<div class=\"elementor-widget-container\">\n\t\t\t\t\t<div class=\"elementor-spacer\">\n\t\t\t<div class=\"elementor-spacer-inner\"><\/div>\n\t\t<\/div>\n\t\t\t\t<\/div>\n\t\t\t\t<\/div>\n\t\t\t\t<div class=\"elementor-element elementor-element-6b49813 elementor-widget elementor-widget-heading\" data-id=\"6b49813\" data-element_type=\"widget\" data-widget_type=\"heading.default\">\n\t\t\t\t<div class=\"elementor-widget-container\">\n\t\t\t<h2 class=\"elementor-heading-title elementor-size-default\">Des ann\u00e9es d'exp\u00e9rience <\/h2>\t\t<\/div>\n\t\t\t\t<\/div>\n\t\t\t\t<div class=\"elementor-element elementor-element-e40df1a elementor-widget elementor-widget-heading\" data-id=\"e40df1a\" data-element_type=\"widget\" data-widget_type=\"heading.default\">\n\t\t\t\t<div class=\"elementor-widget-container\">\n\t\t\t<h2 class=\"elementor-heading-title elementor-size-default\">dans le secteur de la r\u00e9novation <\/h2>\t\t<\/div>\n\t\t\t\t<\/div>\n\t\t\t\t<div class=\"elementor-element elementor-element-5a64ec0 elementor-widget elementor-widget-heading\" data-id=\"5a64ec0\" data-element_type=\"widget\" data-widget_type=\"heading.default\">\n\t\t\t\t<div class=\"elementor-widget-container\">\n\t\t\t<p class=\"elementor-heading-title elementor-size-default\">Nous sommes toujours fiers d'\u00eatre le premier choix des personnes qui ont besoin de r\u00e9parations, de remodelage et d'entretien de leur maison. Nos \u00e9quipes s'engagent chaque jour \u00e0 vos cot\u00e9s pour pour vous offrir le meilleur service client\u00e8le \n<\/p>\t\t<\/div>\n\t\t\t\t<\/div>\n\t\t\t\t<div class=\"elementor-element elementor-element-e5804d1 elementor-widget elementor-widget-renovation_team_member\" data-id=\"e5804d1\" data-element_type=\"widget\" data-widget_type=\"renovation_team_member.default\">\n\t\t\t\t<div class=\"elementor-widget-container\">\n\t\t\t\t\t<div class=\"renovation-team-member\">\n\n\t\t\t<div class=\"item row\">\n\t\t\t\t\t\t\t\t\t<div class=\"image col-sm-6 col-md-4\">\n\t\t\t\t\t\t<img decoding=\"async\" src=\"https:\/\/smartbuilder.fr\/wp-content\/uploads\/2021\/02\/new-home01-slide02.jpg\" alt=\"Benjamin\">\n\t\t\t\t\t<\/div>\n\t\t\t\t\t<div class=\"info col-sm-6 col-md-8\">\n\t\t\t\t\t\t<div class=\"name\">\n\t\t\t\t\t\t\tBenjamin\t\t\t\t\t\t<\/div>\n\n\t\t\t\t\t\t\t\t\t\t\t\t\t<div class=\"job\">Chef d&#039;entreprise<\/div>\n\t\t\t\t\t\t\n\t\t\t\t\t\t\t\t\t\t\t\t\t<div class=\"description\">\n\t\t\t\t\t\t\t\tChef de l'entreprise SmartBuilder depuis20 ans.\n\t\t\t\t\t\t\t<\/div>\n\t\t\t\t\t\t\n\t\t\t\t\t\t\t\t\t<div class=\"social-networks\">\n\t\t\t\t<div class=\"inner\">\n\t\t\t\t\t\t\t\t\t\t\t<a href=\"#\"\n\t\t\t\t\t\t\t\t\t\t\t\t\t\t\ttarget=\"_blank\"\n\t\t\t\t\t\t\t\n\t\t\t\t\t\t\t\t\t\t\t\t\t\t\trel=\"nofollow\"\n\t\t\t\t\t\t\t\n\t\t\t\t\t\t\t\t\t\t\t\t\t\t\taria-label=\"Twitter\"\n\t\t\t\t\t\t\t\n\t\t\t\t\t\t\t\t\t\t\t\t\t>\n\t\t\t\t\t\t\t<span class=\"link-icon fa fa-twitter\"><\/span>\n\t\t\t\t\t\t<\/a>\n\t\t\t\t\t\t\t\t\t\t\t\t<a href=\"#\"\n\t\t\t\t\t\t\t\t\t\t\t\t\t\t\ttarget=\"_blank\"\n\t\t\t\t\t\t\t\n\t\t\t\t\t\t\t\t\t\t\t\t\t\t\trel=\"nofollow\"\n\t\t\t\t\t\t\t\n\t\t\t\t\t\t\t\t\t\t\t\t\t\t\taria-label=\"Instagram\"\n\t\t\t\t\t\t\t\n\t\t\t\t\t\t\t\t\t\t\t\t\t>\n\t\t\t\t\t\t\t<span class=\"link-icon fa fa-instagram\"><\/span>\n\t\t\t\t\t\t<\/a>\n\t\t\t\t\t\t\t\t\t\t<\/div>\n\t\t\t<\/div>\n\t\t\t\n\t\t\t\t\t<\/div>\n\t\t\t\t\t\t\t<\/div>\n\t\t<\/div>\n\t\t\t\t<\/div>\n\t\t\t\t<\/div>\n\t\t\t\t<div class=\"elementor-element elementor-element-3d6b46e elementor-widget elementor-widget-spacer\" data-id=\"3d6b46e\" data-element_type=\"widget\" data-widget_type=\"spacer.default\">\n\t\t\t\t<div class=\"elementor-widget-container\">\n\t\t\t\t\t<div class=\"elementor-spacer\">\n\t\t\t<div class=\"elementor-spacer-inner\"><\/div>\n\t\t<\/div>\n\t\t\t\t<\/div>\n\t\t\t\t<\/div>\n\t\t\t\t\t\t<\/div>\n\t\t\t\t\t<\/div>\n\t\t<\/div>\n\t\t\t\t\t\t\t\t<\/div>\n\t\t\t\t\t<\/div>\n\t\t<\/section>\n\t\t\t\t\t\t\t\t\t<\/div>\n\t\t\t<\/div>\n\t\t\t\t\t<\/div>\n\t\t","protected":false},"excerpt":{"rendered":"<p>Rencontrez l&#8217;\u00e9quipe SmartBuilder ! Des ann\u00e9es d&#8217;exp\u00e9rience dans le secteur de la r\u00e9novation Nous sommes toujours fiers d&#8217;\u00eatre le premier choix des personnes qui ont besoin de r\u00e9parations, de remodelage et d&#8217;entretien de leur maison. Nos \u00e9quipes s&#8217;engagent chaque jour \u00e0 vos cot\u00e9s pour pour vous offrir le meilleur service client\u00e8le Benjamin Chef d&#039;entreprise Chef [&hellip;]<\/p>\n","protected":false},"author":1,"featured_media":0,"parent":2767,"menu_order":0,"comment_status":"closed","ping_status":"closed","template":"","meta":{"om_disable_all_campaigns":false,"_monsterinsights_skip_tracking":false,"_monsterinsights_sitenote_active":false,"_monsterinsights_sitenote_note":"","_monsterinsights_sitenote_category":0,"footnotes":""},"class_list":["post-365","page","type-page","status-publish","hentry"],"_links":{"self":[{"href":"https:\/\/smartbuilder.fr\/index.php\/wp-json\/wp\/v2\/pages\/365"}],"collection":[{"href":"https:\/\/smartbuilder.fr\/index.php\/wp-json\/wp\/v2\/pages"}],"about":[{"href":"https:\/\/smartbuilder.fr\/index.php\/wp-json\/wp\/v2\/types\/page"}],"author":[{"embeddable":true,"href":"https:\/\/smartbuilder.fr\/index.php\/wp-json\/wp\/v2\/users\/1"}],"replies":[{"embeddable":true,"href":"https:\/\/smartbuilder.fr\/index.php\/wp-json\/wp\/v2\/comments?post=365"}],"version-history":[{"count":13,"href":"https:\/\/smartbuilder.fr\/index.php\/wp-json\/wp\/v2\/pages\/365\/revisions"}],"predecessor-version":[{"id":2982,"href":"https:\/\/smartbuilder.fr\/index.php\/wp-json\/wp\/v2\/pages\/365\/revisions\/2982"}],"up":[{"embeddable":true,"href":"https:\/\/smartbuilder.fr\/index.php\/wp-json\/wp\/v2\/pages\/2767"}],"wp:attachment":[{"href":"https:\/\/smartbuilder.fr\/index.php\/wp-json\/wp\/v2\/media?parent=365"}],"curies":[{"name":"wp","href":"https:\/\/api.w.org\/{rel}","templated":true}]}}